{"id":53216,"date":"2025-11-16T14:13:24","date_gmt":"2025-11-16T11:13:24","guid":{"rendered":"https:\/\/edgemicrowave.com\/blog\/"},"modified":"2025-12-01T22:59:28","modified_gmt":"2025-12-01T19:59:28","slug":"blog","status":"publish","type":"page","link":"https:\/\/edgemicrowave.com\/tr\/blog\/","title":{"rendered":"Blog"},"content":{"rendered":"\t\t<div data-elementor-type=\"wp-page\" data-elementor-id=\"53216\" class=\"elementor elementor-53216 elementor-52305\">\n\t\t\t\t\t\t<section class=\"elementor-section elementor-top-section elementor-element elementor-element-39d3f7a7 elementor-section-boxed elementor-section-height-default elementor-section-height-default sc_fly_static\" data-id=\"39d3f7a7\" data-element_type=\"section\" data-e-type=\"section\">\n\t\t\t\t\t\t<div class=\"elementor-container elementor-column-gap-extended\">\n\t\t\t\t\t<div class=\"elementor-column elementor-col-100 elementor-top-column elementor-element elementor-element-680b5c64 sc_content_align_inherit sc_layouts_column_icons_position_left sc_fly_static\" data-id=\"680b5c64\" data-element_type=\"column\" data-e-type=\"column\">\n\t\t\t<div class=\"elementor-widget-wrap elementor-element-populated\">\n\t\t\t\t\t\t<div class=\"elementor-element elementor-element-23afc323 sc_height_huge sc_fly_static elementor-widget elementor-widget-spacer\" data-id=\"23afc323\" data-element_type=\"widget\" data-e-type=\"widget\" data-widget_type=\"spacer.default\">\n\t\t\t\t<div class=\"elementor-widget-container\">\n\t\t\t\t\t\t\t<div class=\"elementor-spacer\">\n\t\t\t<div class=\"elementor-spacer-inner\"><\/div>\n\t\t<\/div>\n\t\t\t\t\t\t<\/div>\n\t\t\t\t<\/div>\n\t\t\t\t\t<\/div>\n\t\t<\/div>\n\t\t\t\t\t<\/div>\n\t\t<\/section>\n\t\t\t\t<section class=\"elementor-section elementor-top-section elementor-element elementor-element-ab776e3 elementor-section-boxed elementor-section-height-default elementor-section-height-default sc_fly_static\" data-id=\"ab776e3\" data-element_type=\"section\" data-e-type=\"section\">\n\t\t\t\t\t\t<div class=\"elementor-container elementor-column-gap-extended\">\n\t\t\t\t\t<div class=\"elementor-column elementor-col-100 elementor-top-column elementor-element elementor-element-73b3b90 sc_content_align_inherit sc_layouts_column_icons_position_left sc_fly_static\" data-id=\"73b3b90\" data-element_type=\"column\" data-e-type=\"column\">\n\t\t\t<div class=\"elementor-widget-wrap elementor-element-populated\">\n\t\t\t\t\t\t<div class=\"elementor-element elementor-element-13c62f3 sc_style_default sc_fly_static elementor-widget elementor-widget-trx_sc_blogger\" data-id=\"13c62f3\" data-element_type=\"widget\" data-e-type=\"widget\" data-widget_type=\"trx_sc_blogger.default\">\n\t\t\t\t<div class=\"elementor-widget-container\">\n\t\t\t\t\t<div \t\tclass=\"sc_blogger sc_blogger_classic sc_blogger_classic_default sc_item_filters_tabs_none alignnone\" ><div class=\"sc_blogger_content sc_item_content sc_item_posts_container posts_container classic_wrap classic_3 columns_wrap columns_padding_bottom\" ><div class=\"column-1_3\"><article id=\"post-53505\" data-post-id=\"53505\"\n\tclass=\"post_item post_item_container post_format_standard post_layout_classic post_layout_classic_3 post-53505 post type-post status-publish format-standard has-post-thumbnail hentry category-makale\">\n\t<div class=\"post_featured with_thumb hover_link\"><img fetchpriority=\"high\" decoding=\"async\" width=\"890\" height=\"600\" src=\"https:\/\/edgemicrowave.com\/wp-content\/uploads\/2026\/01\/edge-890x600.png\" class=\"attachment-def-thumb-square size-def-thumb-square wp-post-image\" alt=\"\" \/>\t\t\t\t\t\t<div class=\"mask\"><\/div>\n\t\t\t\t\t\t\t\t\t<a href=\"https:\/\/edgemicrowave.com\/tr\/cekismeli-rf-ortamlarinda-direncli-pnt-icin-uc-bantli-gnss-crpa-mimarisi\/\"  aria-hidden=\"true\" class=\"link\"><\/a>\n\t\t\t<\/div>\t\t<div class=\"post_header entry-header\">\n\t\t\t<div class=\"post_meta\"><span class=\"post_meta_item post_date\"><a href=\"https:\/\/edgemicrowave.com\/tr\/cekismeli-rf-ortamlarinda-direncli-pnt-icin-uc-bantli-gnss-crpa-mimarisi\/\">9 Ocak 2026<\/a><\/span><a href=\"https:\/\/edgemicrowave.com\/tr\/cekismeli-rf-ortamlarinda-direncli-pnt-icin-uc-bantli-gnss-crpa-mimarisi\/#respond\" class=\"post_meta_item post_meta_comments icon-comment-light\"><span class=\"post_meta_number\">0<\/span><span class=\"post_meta_label\">Comments<\/span><\/a><\/div><h4 class=\"post_title entry-title\"><a href=\"https:\/\/edgemicrowave.com\/tr\/cekismeli-rf-ortamlarinda-direncli-pnt-icin-uc-bantli-gnss-crpa-mimarisi\/\" rel=\"bookmark\">\u00c7eki\u015fmeli RF Ortamlar\u0131nda Diren\u00e7li PNT i\u00e7in \u00dc\u00e7 Bantl\u0131 GNSS CRPA Mimarisi<\/a><\/h4><div class=\"more-wrap\"><a class=\"post-more-link\" href=\"https:\/\/edgemicrowave.com\/tr\/cekismeli-rf-ortamlarinda-direncli-pnt-icin-uc-bantli-gnss-crpa-mimarisi\/\"><span class=\"link-text\">Daha Fazla Oku<\/span><span class=\"more-link-icon\"><\/span><\/a><\/div>\t\t<\/div><!-- .entry-header -->\n\t\t\n<\/article><\/div><div class=\"column-1_3\"><article id=\"post-53500\" data-post-id=\"53500\"\n\tclass=\"post_item post_item_container post_format_standard post_layout_classic post_layout_classic_3 post-53500 post type-post status-publish format-standard has-post-thumbnail hentry category-belgeler\">\n\t<div class=\"post_featured with_thumb hover_link\"><img decoding=\"async\" width=\"890\" height=\"531\" src=\"https:\/\/edgemicrowave.com\/wp-content\/uploads\/2025\/12\/cls-890x531.jpeg\" class=\"attachment-def-thumb-square size-def-thumb-square wp-post-image\" alt=\"\" \/>\t\t\t\t\t\t<div class=\"mask\"><\/div>\n\t\t\t\t\t\t\t\t\t<a href=\"https:\/\/edgemicrowave.com\/tr\/hafif-ogrenilmis-algoritmalar-ile-gercek-zamanli-on-korelasyonlu-gnss-girisim-siniflandirmasi\/\"  aria-hidden=\"true\" class=\"link\"><\/a>\n\t\t\t<\/div>\t\t<div class=\"post_header entry-header\">\n\t\t\t<div class=\"post_meta\"><span class=\"post_meta_item post_date\"><a href=\"https:\/\/edgemicrowave.com\/tr\/hafif-ogrenilmis-algoritmalar-ile-gercek-zamanli-on-korelasyonlu-gnss-girisim-siniflandirmasi\/\">11 Aral\u0131k 2025<\/a><\/span><a href=\"https:\/\/edgemicrowave.com\/tr\/hafif-ogrenilmis-algoritmalar-ile-gercek-zamanli-on-korelasyonlu-gnss-girisim-siniflandirmasi\/#respond\" class=\"post_meta_item post_meta_comments icon-comment-light\"><span class=\"post_meta_number\">0<\/span><span class=\"post_meta_label\">Comments<\/span><\/a><\/div><h4 class=\"post_title entry-title\"><a href=\"https:\/\/edgemicrowave.com\/tr\/hafif-ogrenilmis-algoritmalar-ile-gercek-zamanli-on-korelasyonlu-gnss-girisim-siniflandirmasi\/\" rel=\"bookmark\">Hafif \u00d6\u011frenilmi\u015f Algoritmalar ile Ger\u00e7ek Zamanl\u0131 \u00d6n Korelasyonlu GNSS Giri\u015fim S\u0131n\u0131fland\u0131rmas\u0131<\/a><\/h4><div class=\"more-wrap\"><a class=\"post-more-link\" href=\"https:\/\/edgemicrowave.com\/tr\/hafif-ogrenilmis-algoritmalar-ile-gercek-zamanli-on-korelasyonlu-gnss-girisim-siniflandirmasi\/\"><span class=\"link-text\">Daha Fazla Oku<\/span><span class=\"more-link-icon\"><\/span><\/a><\/div>\t\t<\/div><!-- .entry-header -->\n\t\t\n<\/article><\/div><div class=\"column-1_3\"><article id=\"post-53503\" data-post-id=\"53503\"\n\tclass=\"post_item post_item_container post_format_standard post_layout_classic post_layout_classic_3 post-53503 post type-post status-publish format-standard has-post-thumbnail hentry category-belgeler\">\n\t<div class=\"post_featured with_thumb hover_link\"><img decoding=\"async\" width=\"424\" height=\"223\" src=\"https:\/\/edgemicrowave.com\/wp-content\/uploads\/2025\/12\/AdamANF-Figure3.jpeg\" class=\"attachment-def-thumb-square size-def-thumb-square wp-post-image\" alt=\"\" srcset=\"https:\/\/edgemicrowave.com\/wp-content\/uploads\/2025\/12\/AdamANF-Figure3.jpeg 424w, https:\/\/edgemicrowave.com\/wp-content\/uploads\/2025\/12\/AdamANF-Figure3-300x158.jpeg 300w, https:\/\/edgemicrowave.com\/wp-content\/uploads\/2025\/12\/AdamANF-Figure3-370x195.jpeg 370w, https:\/\/edgemicrowave.com\/wp-content\/uploads\/2025\/12\/AdamANF-Figure3-410x216.jpeg 410w\" sizes=\"(max-width: 600px) 100vw, 424px\" \/>\t\t\t\t\t\t<div class=\"mask\"><\/div>\n\t\t\t\t\t\t\t\t\t<a href=\"https:\/\/edgemicrowave.com\/tr\/gnssde-dar-bant-parazit-azaltimi-icin-uyarlanabilir-momentler-ile-gelistirilmis-frekans-takibi\/\"  aria-hidden=\"true\" class=\"link\"><\/a>\n\t\t\t<\/div>\t\t<div class=\"post_header entry-header\">\n\t\t\t<div class=\"post_meta\"><span class=\"post_meta_item post_date\"><a href=\"https:\/\/edgemicrowave.com\/tr\/gnssde-dar-bant-parazit-azaltimi-icin-uyarlanabilir-momentler-ile-gelistirilmis-frekans-takibi\/\">11 Aral\u0131k 2025<\/a><\/span><a href=\"https:\/\/edgemicrowave.com\/tr\/gnssde-dar-bant-parazit-azaltimi-icin-uyarlanabilir-momentler-ile-gelistirilmis-frekans-takibi\/#respond\" class=\"post_meta_item post_meta_comments icon-comment-light\"><span class=\"post_meta_number\">0<\/span><span class=\"post_meta_label\">Comments<\/span><\/a><\/div><h4 class=\"post_title entry-title\"><a href=\"https:\/\/edgemicrowave.com\/tr\/gnssde-dar-bant-parazit-azaltimi-icin-uyarlanabilir-momentler-ile-gelistirilmis-frekans-takibi\/\" rel=\"bookmark\">GNSS&#8217;de Dar Bant Parazit Azalt\u0131m\u0131 i\u00e7in Uyarlanabilir Momentler ile Geli\u015ftirilmi\u015f Frekans Takibi<\/a><\/h4><div class=\"more-wrap\"><a class=\"post-more-link\" href=\"https:\/\/edgemicrowave.com\/tr\/gnssde-dar-bant-parazit-azaltimi-icin-uyarlanabilir-momentler-ile-gelistirilmis-frekans-takibi\/\"><span class=\"link-text\">Daha Fazla Oku<\/span><span class=\"more-link-icon\"><\/span><\/a><\/div>\t\t<\/div><!-- .entry-header -->\n\t\t\n<\/article><\/div><div class=\"column-1_3\"><article id=\"post-53446\" data-post-id=\"53446\"\n\tclass=\"post_item post_item_container post_format_standard post_layout_classic post_layout_classic_3 post-53446 post type-post status-publish format-standard has-post-thumbnail hentry category-makale\">\n\t<div class=\"post_featured with_thumb hover_link\"><img loading=\"lazy\" decoding=\"async\" width=\"842\" height=\"564\" src=\"https:\/\/edgemicrowave.com\/wp-content\/uploads\/2025\/11\/navigation-sensor-on-uav.jpeg\" class=\"attachment-def-thumb-square size-def-thumb-square wp-post-image\" alt=\"\" srcset=\"https:\/\/edgemicrowave.com\/wp-content\/uploads\/2025\/11\/navigation-sensor-on-uav.jpeg 842w, https:\/\/edgemicrowave.com\/wp-content\/uploads\/2025\/11\/navigation-sensor-on-uav-300x201.jpeg 300w, https:\/\/edgemicrowave.com\/wp-content\/uploads\/2025\/11\/navigation-sensor-on-uav-768x514.jpeg 768w, https:\/\/edgemicrowave.com\/wp-content\/uploads\/2025\/11\/navigation-sensor-on-uav-370x248.jpeg 370w, https:\/\/edgemicrowave.com\/wp-content\/uploads\/2025\/11\/navigation-sensor-on-uav-840x563.jpeg 840w, https:\/\/edgemicrowave.com\/wp-content\/uploads\/2025\/11\/navigation-sensor-on-uav-410x275.jpeg 410w\" sizes=\"(max-width: 842px) 100vw, 842px\" \/>\t\t\t\t\t\t<div class=\"mask\"><\/div>\n\t\t\t\t\t\t\t\t\t<a href=\"https:\/\/edgemicrowave.com\/tr\/gnss-parazitleri-ve-azaltma-yontemleri\/\"  aria-hidden=\"true\" class=\"link\"><\/a>\n\t\t\t<\/div>\t\t<div class=\"post_header entry-header\">\n\t\t\t<div class=\"post_meta\"><span class=\"post_meta_item post_date\"><a href=\"https:\/\/edgemicrowave.com\/tr\/gnss-parazitleri-ve-azaltma-yontemleri\/\">17 Kas\u0131m 2025<\/a><\/span><a href=\"https:\/\/edgemicrowave.com\/tr\/gnss-parazitleri-ve-azaltma-yontemleri\/#respond\" class=\"post_meta_item post_meta_comments icon-comment-light\"><span class=\"post_meta_number\">0<\/span><span class=\"post_meta_label\">Comments<\/span><\/a><\/div><h4 class=\"post_title entry-title\"><a href=\"https:\/\/edgemicrowave.com\/tr\/gnss-parazitleri-ve-azaltma-yontemleri\/\" rel=\"bookmark\">GNSS Parazitleri ve Azaltma Y\u00f6ntemleri<\/a><\/h4><div class=\"more-wrap\"><a class=\"post-more-link\" href=\"https:\/\/edgemicrowave.com\/tr\/gnss-parazitleri-ve-azaltma-yontemleri\/\"><span class=\"link-text\">Daha Fazla Oku<\/span><span class=\"more-link-icon\"><\/span><\/a><\/div>\t\t<\/div><!-- .entry-header -->\n\t\t\n<\/article><\/div><div class=\"column-1_3\"><article id=\"post-53236\" data-post-id=\"53236\"\n\tclass=\"post_item post_item_container post_format_standard post_layout_classic post_layout_classic_3 post-53236 post type-post status-publish format-standard has-post-thumbnail hentry category-makale\">\n\t<div class=\"post_featured with_thumb hover_link\"><img loading=\"lazy\" decoding=\"async\" width=\"696\" height=\"502\" src=\"https:\/\/edgemicrowave.com\/wp-content\/uploads\/2025\/11\/l1-spectrum.jpeg\" class=\"attachment-def-thumb-square size-def-thumb-square wp-post-image\" alt=\"\" srcset=\"https:\/\/edgemicrowave.com\/wp-content\/uploads\/2025\/11\/l1-spectrum.jpeg 696w, https:\/\/edgemicrowave.com\/wp-content\/uploads\/2025\/11\/l1-spectrum-300x216.jpeg 300w, https:\/\/edgemicrowave.com\/wp-content\/uploads\/2025\/11\/l1-spectrum-370x267.jpeg 370w, https:\/\/edgemicrowave.com\/wp-content\/uploads\/2025\/11\/l1-spectrum-410x296.jpeg 410w\" sizes=\"(max-width: 696px) 100vw, 696px\" \/>\t\t\t\t\t\t<div class=\"mask\"><\/div>\n\t\t\t\t\t\t\t\t\t<a href=\"https:\/\/edgemicrowave.com\/tr\/gnss-sinyal-modulasyonlarina-giris\/\"  aria-hidden=\"true\" class=\"link\"><\/a>\n\t\t\t<\/div>\t\t<div class=\"post_header entry-header\">\n\t\t\t<div class=\"post_meta\"><span class=\"post_meta_item post_date\"><a href=\"https:\/\/edgemicrowave.com\/tr\/gnss-sinyal-modulasyonlarina-giris\/\">17 Kas\u0131m 2025<\/a><\/span><a href=\"https:\/\/edgemicrowave.com\/tr\/gnss-sinyal-modulasyonlarina-giris\/#respond\" class=\"post_meta_item post_meta_comments icon-comment-light\"><span class=\"post_meta_number\">0<\/span><span class=\"post_meta_label\">Comments<\/span><\/a><\/div><h4 class=\"post_title entry-title\"><a href=\"https:\/\/edgemicrowave.com\/tr\/gnss-sinyal-modulasyonlarina-giris\/\" rel=\"bookmark\">GNSS Sinyal Mod\u00fclasyonlar\u0131na Giri\u015f<\/a><\/h4><div class=\"more-wrap\"><a class=\"post-more-link\" href=\"https:\/\/edgemicrowave.com\/tr\/gnss-sinyal-modulasyonlarina-giris\/\"><span class=\"link-text\">Daha Fazla Oku<\/span><span class=\"more-link-icon\"><\/span><\/a><\/div>\t\t<\/div><!-- .entry-header -->\n\t\t\n<\/article><\/div><div class=\"column-1_3\"><article id=\"post-53463\" data-post-id=\"53463\"\n\tclass=\"post_item post_item_container post_format_standard post_layout_classic post_layout_classic_3 post-53463 post type-post status-publish format-standard has-post-thumbnail hentry category-makale\">\n\t<div class=\"post_featured with_thumb hover_link\"><img loading=\"lazy\" decoding=\"async\" width=\"890\" height=\"647\" src=\"https:\/\/edgemicrowave.com\/wp-content\/uploads\/2025\/11\/glonass-modernization-890x647.jpeg\" class=\"attachment-def-thumb-square size-def-thumb-square wp-post-image\" alt=\"\" \/>\t\t\t\t\t\t<div class=\"mask\"><\/div>\n\t\t\t\t\t\t\t\t\t<a href=\"https:\/\/edgemicrowave.com\/tr\/kuresel-navigasyon-uydu-sistemlerine-gnss-genel-bir-bakis\/\"  aria-hidden=\"true\" class=\"link\"><\/a>\n\t\t\t<\/div>\t\t<div class=\"post_header entry-header\">\n\t\t\t<div class=\"post_meta\"><span class=\"post_meta_item post_date\"><a href=\"https:\/\/edgemicrowave.com\/tr\/kuresel-navigasyon-uydu-sistemlerine-gnss-genel-bir-bakis\/\">17 Kas\u0131m 2025<\/a><\/span><a href=\"https:\/\/edgemicrowave.com\/tr\/kuresel-navigasyon-uydu-sistemlerine-gnss-genel-bir-bakis\/#respond\" class=\"post_meta_item post_meta_comments icon-comment-light\"><span class=\"post_meta_number\">0<\/span><span class=\"post_meta_label\">Comments<\/span><\/a><\/div><h4 class=\"post_title entry-title\"><a href=\"https:\/\/edgemicrowave.com\/tr\/kuresel-navigasyon-uydu-sistemlerine-gnss-genel-bir-bakis\/\" rel=\"bookmark\">K\u00fcresel Navigasyon Uydu Sistemlerine (GNSS) Genel Bir Bak\u0131\u015f<\/a><\/h4><div class=\"more-wrap\"><a class=\"post-more-link\" href=\"https:\/\/edgemicrowave.com\/tr\/kuresel-navigasyon-uydu-sistemlerine-gnss-genel-bir-bakis\/\"><span class=\"link-text\">Daha Fazla Oku<\/span><span class=\"more-link-icon\"><\/span><\/a><\/div>\t\t<\/div><!-- .entry-header -->\n\t\t\n<\/article><\/div><div class=\"column-1_3\"><article id=\"post-53472\" data-post-id=\"53472\"\n\tclass=\"post_item post_item_container post_format_standard post_layout_classic post_layout_classic_3 post-53472 post type-post status-publish format-standard has-post-thumbnail hentry category-haberler\">\n\t<div class=\"post_featured with_thumb hover_link\"><img loading=\"lazy\" decoding=\"async\" width=\"890\" height=\"664\" src=\"https:\/\/edgemicrowave.com\/wp-content\/uploads\/2025\/11\/idef-3-890x664.jpeg\" class=\"attachment-def-thumb-square size-def-thumb-square wp-post-image\" alt=\"\" \/>\t\t\t\t\t\t<div class=\"mask\"><\/div>\n\t\t\t\t\t\t\t\t\t<a href=\"https:\/\/edgemicrowave.com\/tr\/teknopark-istanbul-idef-2025te-yenilikleriyle-one-cikiyor\/\"  aria-hidden=\"true\" class=\"link\"><\/a>\n\t\t\t<\/div>\t\t<div class=\"post_header entry-header\">\n\t\t\t<div class=\"post_meta\"><span class=\"post_meta_item post_date\"><a href=\"https:\/\/edgemicrowave.com\/tr\/teknopark-istanbul-idef-2025te-yenilikleriyle-one-cikiyor\/\">17 Kas\u0131m 2025<\/a><\/span><a href=\"https:\/\/edgemicrowave.com\/tr\/teknopark-istanbul-idef-2025te-yenilikleriyle-one-cikiyor\/#respond\" class=\"post_meta_item post_meta_comments icon-comment-light\"><span class=\"post_meta_number\">0<\/span><span class=\"post_meta_label\">Comments<\/span><\/a><\/div><h4 class=\"post_title entry-title\"><a href=\"https:\/\/edgemicrowave.com\/tr\/teknopark-istanbul-idef-2025te-yenilikleriyle-one-cikiyor\/\" rel=\"bookmark\">Teknopark \u0130stanbul, IDEF 2025\u2019te Yenilikleriyle \u00d6ne \u00c7\u0131k\u0131yor<\/a><\/h4><div class=\"more-wrap\"><a class=\"post-more-link\" href=\"https:\/\/edgemicrowave.com\/tr\/teknopark-istanbul-idef-2025te-yenilikleriyle-one-cikiyor\/\"><span class=\"link-text\">Daha Fazla Oku<\/span><span class=\"more-link-icon\"><\/span><\/a><\/div>\t\t<\/div><!-- .entry-header -->\n\t\t\n<\/article><\/div><div class=\"column-1_3\"><article id=\"post-53468\" data-post-id=\"53468\"\n\tclass=\"post_item post_item_container post_format_standard post_layout_classic post_layout_classic_3 post-53468 post type-post status-publish format-standard has-post-thumbnail hentry category-haberler\">\n\t<div class=\"post_featured with_thumb hover_link\"><img loading=\"lazy\" decoding=\"async\" width=\"890\" height=\"664\" src=\"https:\/\/edgemicrowave.com\/wp-content\/uploads\/2025\/11\/edge-micwave-sss-890x664.jpeg\" class=\"attachment-def-thumb-square size-def-thumb-square wp-post-image\" alt=\"\" \/>\t\t\t\t\t\t<div class=\"mask\"><\/div>\n\t\t\t\t\t\t\t\t\t<a href=\"https:\/\/edgemicrowave.com\/tr\/idef-2025te-sergiledik\/\"  aria-hidden=\"true\" class=\"link\"><\/a>\n\t\t\t<\/div>\t\t<div class=\"post_header entry-header\">\n\t\t\t<div class=\"post_meta\"><span class=\"post_meta_item post_date\"><a href=\"https:\/\/edgemicrowave.com\/tr\/idef-2025te-sergiledik\/\">17 Kas\u0131m 2025<\/a><\/span><a href=\"https:\/\/edgemicrowave.com\/tr\/idef-2025te-sergiledik\/#respond\" class=\"post_meta_item post_meta_comments icon-comment-light\"><span class=\"post_meta_number\">0<\/span><span class=\"post_meta_label\">Comments<\/span><\/a><\/div><h4 class=\"post_title entry-title\"><a href=\"https:\/\/edgemicrowave.com\/tr\/idef-2025te-sergiledik\/\" rel=\"bookmark\">IDEF 2025\u2019te Sergiledik<\/a><\/h4><div class=\"more-wrap\"><a class=\"post-more-link\" href=\"https:\/\/edgemicrowave.com\/tr\/idef-2025te-sergiledik\/\"><span class=\"link-text\">Daha Fazla Oku<\/span><span class=\"more-link-icon\"><\/span><\/a><\/div>\t\t<\/div><!-- .entry-header -->\n\t\t\n<\/article><\/div><\/div><\/div>\t\t\t\t<\/div>\n\t\t\t\t<\/div>\n\t\t\t\t\t<\/div>\n\t\t<\/div>\n\t\t\t\t\t<\/div>\n\t\t<\/section>\n\t\t\t\t<\/div>\n\t\t","protected":false},"excerpt":{"rendered":"<p>17.11.20250Comments GNSS Interference &#038; Mitigation Daha Fazla Oku 17.11.20250Comments A Primer on GNSS Signal Modulations&hellip;<\/p>\n","protected":false},"author":1,"featured_media":0,"parent":0,"menu_order":0,"comment_status":"closed","ping_status":"closed","template":"","meta":{"footnotes":""},"class_list":["post-53216","page","type-page","status-publish","hentry"],"_links":{"self":[{"href":"https:\/\/edgemicrowave.com\/tr\/wp-json\/wp\/v2\/pages\/53216","targetHints":{"allow":["GET"]}}],"collection":[{"href":"https:\/\/edgemicrowave.com\/tr\/wp-json\/wp\/v2\/pages"}],"about":[{"href":"https:\/\/edgemicrowave.com\/tr\/wp-json\/wp\/v2\/types\/page"}],"author":[{"embeddable":true,"href":"https:\/\/edgemicrowave.com\/tr\/wp-json\/wp\/v2\/users\/1"}],"replies":[{"embeddable":true,"href":"https:\/\/edgemicrowave.com\/tr\/wp-json\/wp\/v2\/comments?post=53216"}],"version-history":[{"count":1,"href":"https:\/\/edgemicrowave.com\/tr\/wp-json\/wp\/v2\/pages\/53216\/revisions"}],"predecessor-version":[{"id":53217,"href":"https:\/\/edgemicrowave.com\/tr\/wp-json\/wp\/v2\/pages\/53216\/revisions\/53217"}],"wp:attachment":[{"href":"https:\/\/edgemicrowave.com\/tr\/wp-json\/wp\/v2\/media?parent=53216"}],"curies":[{"name":"wp","href":"https:\/\/api.w.org\/{rel}","templated":true}]}}