{"id":53226,"date":"2023-07-28T18:43:06","date_gmt":"2023-07-28T15:43:06","guid":{"rendered":"https:\/\/edgemicrowave.com\/urunlerimiz\/"},"modified":"2026-04-17T22:17:26","modified_gmt":"2026-04-17T19:17:26","slug":"urunlerimiz","status":"publish","type":"page","link":"https:\/\/edgemicrowave.com\/tr\/urunlerimiz\/","title":{"rendered":"\u00dcr\u00fcnler"},"content":{"rendered":"\t\t<div data-elementor-type=\"wp-page\" data-elementor-id=\"53226\" class=\"elementor elementor-53226 elementor-18081\">\n\t\t\t\t\t\t<section class=\"elementor-section elementor-top-section elementor-element elementor-element-d4c4619 elementor-section-boxed elementor-section-height-default elementor-section-height-default sc_fly_static\" data-id=\"d4c4619\" data-element_type=\"section\" data-e-type=\"section\">\n\t\t\t\t\t\t<div class=\"elementor-container elementor-column-gap-extended\">\n\t\t\t\t\t<div class=\"elementor-column elementor-col-100 elementor-top-column elementor-element elementor-element-9f703dc sc_content_align_inherit sc_layouts_column_icons_position_left sc_fly_static\" data-id=\"9f703dc\" data-element_type=\"column\" data-e-type=\"column\">\n\t\t\t<div class=\"elementor-widget-wrap elementor-element-populated\">\n\t\t\t\t\t\t<div class=\"elementor-element elementor-element-3fde56e sc_height_huge sc_fly_static elementor-widget elementor-widget-spacer\" data-id=\"3fde56e\" data-element_type=\"widget\" data-e-type=\"widget\" data-widget_type=\"spacer.default\">\n\t\t\t\t<div class=\"elementor-widget-container\">\n\t\t\t\t\t\t\t<div class=\"elementor-spacer\">\n\t\t\t<div class=\"elementor-spacer-inner\"><\/div>\n\t\t<\/div>\n\t\t\t\t\t\t<\/div>\n\t\t\t\t<\/div>\n\t\t\t\t\t<\/div>\n\t\t<\/div>\n\t\t\t\t\t<\/div>\n\t\t<\/section>\n\t\t\t\t<section class=\"elementor-section elementor-top-section elementor-element elementor-element-4f90244 elementor-section-boxed elementor-section-height-default elementor-section-height-default sc_fly_static\" data-id=\"4f90244\" data-element_type=\"section\" data-e-type=\"section\">\n\t\t\t\t\t\t<div class=\"elementor-container elementor-column-gap-extended\">\n\t\t\t\t\t<div class=\"elementor-column elementor-col-100 elementor-top-column elementor-element elementor-element-bcedf35 sc_content_align_inherit sc_layouts_column_icons_position_left sc_fly_static\" data-id=\"bcedf35\" data-element_type=\"column\" data-e-type=\"column\">\n\t\t\t<div class=\"elementor-widget-wrap elementor-element-populated\">\n\t\t\t\t\t\t<div class=\"elementor-element elementor-element-17dcbfa sc_fly_static elementor-widget elementor-widget-spacer\" data-id=\"17dcbfa\" data-element_type=\"widget\" data-e-type=\"widget\" data-widget_type=\"spacer.default\">\n\t\t\t\t<div class=\"elementor-widget-container\">\n\t\t\t\t\t\t\t<div class=\"elementor-spacer\">\n\t\t\t<div class=\"elementor-spacer-inner\"><\/div>\n\t\t<\/div>\n\t\t\t\t\t\t<\/div>\n\t\t\t\t<\/div>\n\t\t\t\t<div class=\"elementor-element elementor-element-b015120 elementor-widget__width-inherit sc_fly_static elementor-widget elementor-widget-trx_sc_title\" data-id=\"b015120\" data-element_type=\"widget\" data-e-type=\"widget\" data-widget_type=\"trx_sc_title.default\">\n\t\t\t\t<div class=\"elementor-widget-container\">\n\t\t\t\t\t<div\t\tclass=\"sc_title sc_title_default\" ><span class=\"sc_item_subtitle sc_title_subtitle sc_item_subtitle_above sc_item_title_style_default\">\u00dcr\u00fcnler<\/span><h1 class=\"sc_item_title sc_title_title sc_item_title_style_default sc_item_title_tag\"\n\t\t\t><span class=\"sc_item_title_text\">Yeni Nesil Anti-jam Anten Sistemleri Geli\u015ftiriyoruz<\/span><\/h1><\/div>\t\t\t\t<\/div>\n\t\t\t\t<\/div>\n\t\t\t\t<div class=\"elementor-element elementor-element-f1e3f84 sc_fly_static elementor-widget elementor-widget-spacer\" data-id=\"f1e3f84\" data-element_type=\"widget\" data-e-type=\"widget\" data-widget_type=\"spacer.default\">\n\t\t\t\t<div class=\"elementor-widget-container\">\n\t\t\t\t\t\t\t<div class=\"elementor-spacer\">\n\t\t\t<div class=\"elementor-spacer-inner\"><\/div>\n\t\t<\/div>\n\t\t\t\t\t\t<\/div>\n\t\t\t\t<\/div>\n\t\t\t\t<div class=\"elementor-element elementor-element-f3e8f6b sc_fly_static elementor-widget elementor-widget-text-editor\" data-id=\"f3e8f6b\" data-element_type=\"widget\" data-e-type=\"widget\" data-widget_type=\"text-editor.default\">\n\t\t\t\t<div class=\"elementor-widget-container\">\n\t\t\t\t\t\t\t\t\t<ul><li data-start=\"434\" data-end=\"751\"><a href=\"https:\/\/edgemicrowave.com\/tr\/product\/hedge-8008\/\"><strong data-start=\"434\" data-end=\"453\">HEDGE-8008 CRPA<\/strong><\/a><br data-start=\"453\" data-end=\"456\">Y\u00fcksek hassasiyetli <strong data-start=\"601\" data-end=\"622\">GNSS uygulamalar\u0131<\/strong> i\u00e7in \u00fcst\u00fcn anti-parazit performans\u0131 sunan <strong data-start=\"498\" data-end=\"535\">8 elemanl\u0131, 8 kanall\u0131 mimariye<\/strong> sahip amiral gemisi adaptif anten sistemimiz.<br data-start=\"623\" data-end=\"626\">G\u00f6rev a\u00e7\u0131s\u0131ndan kritik operasyonlar i\u00e7in tasarlanan bu sistem, yo\u011fun parazit alt\u0131nda bile <strong data-start=\"679\" data-end=\"718\">s\u00fcrekli ve g\u00fcvenilir konumland\u0131rma<\/strong> sa\u011flar.<br><br><\/li><li data-start=\"434\" data-end=\"751\"><a href=\"https:\/\/edgemicrowave.com\/tr\/product\/hedge-4008\/\"><strong data-start=\"753\" data-end=\"772\">HEDGE-4008-S130 CRPA<\/strong><\/a><br data-start=\"772\" data-end=\"775\">Daha hafif, \u00f6l\u00e7eklenebilir ve g\u00fc\u00e7 optimizasyonlu \u00e7\u00f6z\u00fcmler gerektiren platformlar i\u00e7in tasarlanm\u0131\u015f <strong data-start=\"777\" data-end=\"817\">kompakt, y\u00fcksek verimli bir CRPA sistemi<\/strong>.<br data-start=\"902\" data-end=\"905\">Savunma sistemlerinden otonom ara\u00e7lara kadar karma\u015f\u0131k ortamlarda <strong data-start=\"915\" data-end=\"942\">sa\u011flam sinyal b\u00fct\u00fcnl\u00fc\u011f\u00fcn\u00fc<\/strong> korur.<br><br><\/li><li><strong data-start=\"753\" data-end=\"772\"><a href=\"https:\/\/edgemicrowave.com\/tr\/product\/hedge-8016-s130\/\">HEDGE-8016-S130 CRPA<\/a><br><\/strong><strong data-start=\"120\" data-end=\"134\">HEDGE-8016-S130<\/strong>, y\u00fcksek hassasiyetli CRPA teknolojimizde bir sonraki ad\u0131m\u0131 temsil eder ve kompakt bir form fakt\u00f6r\u00fcnde geli\u015fmi\u015f parazit esnekli\u011fi, geni\u015fletilmi\u015f kanal kapasitesi ve geli\u015fmi\u015f GNSS performans\u0131 sunar. Maksimum sinyal b\u00fct\u00fcnl\u00fc\u011f\u00fc gerektiren platformlar i\u00e7in tasarlanan HEDGE-8016-S130, zorlu RF ortamlar\u0131nda yeni nesil do\u011fruluk ve sa\u011flaml\u0131k sunar. <br><br><\/li><li> <a href=\"https:\/\/edgemicrowave.com\/tr\/product\/hedge-8016-c200\/\"> <strong data-start=\"2\" data-end=\"26\">HEDGE-8016-C200 CRPA<\/strong><\/a><br><strong data-start=\"33\" data-end=\"52\">HEDGE-8016-C200<\/strong>, maksimum GNSS korumas\u0131n\u0131n gerekli oldu\u011fu yo\u011fun parazit ortamlar\u0131nda \u00e7al\u0131\u015fan platformlar i\u00e7in geli\u015ftirilmi\u015f y\u00fcksek performansl\u0131 \u00e7ok bantl\u0131 bir CRPA sistemidir. Geli\u015fmi\u015f <strong data-start=\"229\" data-end=\"268\">16 kanall\u0131, \u00e7ift dizili mimarisi<\/strong> ile sistem, \u00fcst\u00fcn anti-parazit \u00f6zelli\u011fi, geli\u015fmi\u015f sinyal kararl\u0131l\u0131\u011f\u0131 ve \u00e7oklu GNSS tak\u0131my\u0131ld\u0131zlar\u0131nda garantili konumland\u0131rma performans\u0131 sunar. Zorlu g\u00f6rev profilleri i\u00e7in tasarlanan HEDGE-8016-C200, sa\u011flam g\u00fcvenilirli\u011fi, ger\u00e7ek zamanl\u0131 izlemeyi ve yeni nesil parazit direncini kompakt ve sahaya haz\u0131r bir form fakt\u00f6r\u00fcnde birle\u015ftirir.  <\/li><\/ul>\t\t\t\t\t\t\t\t<\/div>\n\t\t\t\t<\/div>\n\t\t\t\t\t<\/div>\n\t\t<\/div>\n\t\t\t\t\t<\/div>\n\t\t<\/section>\n\t\t\t\t<section class=\"elementor-section elementor-top-section elementor-element elementor-element-699d00e1 elementor-section-full_width elementor-section-height-default elementor-section-height-default sc_fly_static\" data-id=\"699d00e1\" data-element_type=\"section\" data-e-type=\"section\">\n\t\t\t\t\t\t<div class=\"elementor-container elementor-column-gap-extended\">\n\t\t\t\t\t<div class=\"elementor-column elementor-col-100 elementor-top-column elementor-element elementor-element-57a903e0 sc_content_align_center sc_layouts_column_icons_position_left sc_fly_static\" data-id=\"57a903e0\" data-element_type=\"column\" data-e-type=\"column\">\n\t\t\t<div class=\"elementor-widget-wrap elementor-element-populated\">\n\t\t\t\t\t\t<div class=\"elementor-element elementor-element-7344ae0 sc_fly_static elementor-widget elementor-widget-trx_sc_services\" data-id=\"7344ae0\" data-element_type=\"widget\" data-e-type=\"widget\" data-widget_type=\"trx_sc_services.default\">\n\t\t\t\t<div class=\"elementor-widget-container\">\n\t\t\t\t\t<div class=\"sc_services sc_services_breezy sc_services_featured_top\"><div class=\"sc_services_columns_wrap sc_item_columns sc_item_posts_container sc_item_columns_4 trx_addons_columns_wrap columns_padding_bottom columns_in_single_row\"><div class=\"trx_addons_column-1_4 trx_addons_column-1_2-tablet trx_addons_column-1_2-mobile \"><div data-post-id=\"53449\" class=\"sc_services_item sc_item_container post_container without_content with_image with_number post-53449 cpt_services type-cpt_services status-publish has-post-thumbnail hentry\">\n\t\t<div class=\"sc_services_item_content \" style=\"background-image: url(https:\/\/edgemicrowave.com\/wp-content\/uploads\/2023\/06\/edge-microwave-prd-2-840x840.png);\">\n\t\t\t\t<div class=\"sc_services_item_content_inner\">\n\t\t\t<span class=\"sc_services_item_number\">01<\/span>\t\t\t<h6 class=\"sc_services_item_title\"><a href=\"https:\/\/edgemicrowave.com\/tr\/product\/hedge-8008\/\">HEDGE-8008<\/a><\/h6>\n\t\t\t<\/div><a class=\"sc_services_item_link\" href=\"https:\/\/edgemicrowave.com\/tr\/product\/hedge-8008\/\"><\/a><\/div><\/div><\/div><div class=\"trx_addons_column-1_4 trx_addons_column-1_2-tablet trx_addons_column-1_2-mobile \"><div data-post-id=\"53458\" class=\"sc_services_item sc_item_container post_container without_content with_image with_number post-53458 cpt_services type-cpt_services status-publish has-post-thumbnail hentry\">\n\t\t<div class=\"sc_services_item_content \" style=\"background-image: url(https:\/\/edgemicrowave.com\/wp-content\/uploads\/2023\/06\/HEDGE-brand.png);\">\n\t\t\t\t<div class=\"sc_services_item_content_inner\">\n\t\t\t<span class=\"sc_services_item_number\">02<\/span>\t\t\t<h6 class=\"sc_services_item_title\"><a href=\"https:\/\/edgemicrowave.com\/tr\/product\/hedge-4008\/\">HEDGE-4008-S130<\/a><\/h6>\n\t\t\t<\/div><a class=\"sc_services_item_link\" href=\"https:\/\/edgemicrowave.com\/tr\/product\/hedge-4008\/\"><\/a><\/div><\/div><\/div><div class=\"trx_addons_column-1_4 trx_addons_column-1_2-tablet trx_addons_column-1_2-mobile \"><div data-post-id=\"53447\" class=\"sc_services_item sc_item_container post_container without_content with_image with_number post-53447 cpt_services type-cpt_services status-publish has-post-thumbnail hentry\">\n\t\t<div class=\"sc_services_item_content \" style=\"background-image: url(https:\/\/edgemicrowave.com\/wp-content\/uploads\/2023\/06\/HEDGE-brand.png);\">\n\t\t\t\t<div class=\"sc_services_item_content_inner\">\n\t\t\t<span class=\"sc_services_item_number\">03<\/span>\t\t\t<h6 class=\"sc_services_item_title\"><a href=\"https:\/\/edgemicrowave.com\/tr\/product\/hedge-8016-s130\/\">HEDGE-8016-S130<\/a><\/h6>\n\t\t\t<\/div><a class=\"sc_services_item_link\" href=\"https:\/\/edgemicrowave.com\/tr\/product\/hedge-8016-s130\/\"><\/a><\/div><\/div><\/div><div class=\"trx_addons_column-1_4 trx_addons_column-1_2-tablet trx_addons_column-1_2-mobile \"><div data-post-id=\"53646\" class=\"sc_services_item sc_item_container post_container without_content with_image with_number post-53646 cpt_services type-cpt_services status-publish has-post-thumbnail hentry\">\n\t\t<div class=\"sc_services_item_content \" style=\"background-image: url(https:\/\/edgemicrowave.com\/wp-content\/uploads\/2026\/04\/HEDGE-8016-C200-Product-Brief-2.pdf-image-008-2.png);\">\n\t\t\t\t<div class=\"sc_services_item_content_inner\">\n\t\t\t<span class=\"sc_services_item_number\">04<\/span>\t\t\t<h6 class=\"sc_services_item_title\"><a href=\"https:\/\/edgemicrowave.com\/tr\/product\/hedge-8016-c200\/\">HEDGE-8016-C200<\/a><\/h6>\n\t\t\t<\/div><a class=\"sc_services_item_link\" href=\"https:\/\/edgemicrowave.com\/tr\/product\/hedge-8016-c200\/\"><\/a><\/div><\/div><\/div><\/div><\/div>\t\t\t\t<\/div>\n\t\t\t\t<\/div>\n\t\t\t\t\t<\/div>\n\t\t<\/div>\n\t\t\t\t\t<\/div>\n\t\t<\/section>\n\t\t\t\t<section class=\"trx_addons_has_bg_text elementor-section elementor-top-section elementor-element elementor-element-95613e6 elementor-section-full_width ticker_gradient scheme_dark elementor-section-height-default elementor-section-height-default sc_fly_static\" data-bg-text=\"{&quot;bg_text&quot;:&quot;Jamming Ends Here.&quot;,&quot;bg_text_effect&quot;:&quot;none&quot;,&quot;bg_text_overlay&quot;:{&quot;url&quot;:&quot;&quot;},&quot;bg_text_left&quot;:{&quot;unit&quot;:&quot;%&quot;,&quot;size&quot;:8,&quot;sizes&quot;:[]},&quot;bg_text_top&quot;:{&quot;unit&quot;:&quot;%&quot;,&quot;size&quot;:-2.100000000000000088817841970012523233890533447265625,&quot;sizes&quot;:[]},&quot;bg_text_z_index&quot;:{&quot;size&quot;:&quot;0&quot;,&quot;unit&quot;:&quot;px&quot;},&quot;bg_text_marquee&quot;:{&quot;unit&quot;:&quot;px&quot;,&quot;size&quot;:9,&quot;sizes&quot;:[]},&quot;bg_text_marquee_hover&quot;:&quot;yes&quot;,&quot;bg_text_marquee_margin&quot;:{&quot;unit&quot;:&quot;%&quot;,&quot;size&quot;:9,&quot;sizes&quot;:[]},&quot;bg_text_reverse&quot;:0,&quot;bg_text_accelerate&quot;:1,&quot;bg_text_delimiter_icon&quot;:&quot;&quot;,&quot;bg_text_delimiter_image&quot;:&quot;&quot;,&quot;bg_text_delimiter_svg&quot;:&quot;&quot;,&quot;bg_text_delimiter_rotation&quot;:0}\" data-id=\"95613e6\" data-element_type=\"section\" data-e-type=\"section\" data-settings=\"{&quot;background_background&quot;:&quot;classic&quot;}\">\n\t\t\t\t\t\t<div class=\"elementor-container elementor-column-gap-no\">\n\t\t\t\t\t<div class=\"elementor-column elementor-col-100 elementor-top-column elementor-element elementor-element-c6693be sc_content_align_inherit sc_layouts_column_icons_position_left sc_fly_static\" data-id=\"c6693be\" data-element_type=\"column\" data-e-type=\"column\">\n\t\t\t<div class=\"elementor-widget-wrap elementor-element-populated\">\n\t\t\t\t\t\t<div class=\"elementor-element elementor-element-fff78b5 sc_fly_static elementor-widget elementor-widget-spacer\" data-id=\"fff78b5\" data-element_type=\"widget\" data-e-type=\"widget\" data-widget_type=\"spacer.default\">\n\t\t\t\t<div class=\"elementor-widget-container\">\n\t\t\t\t\t\t\t<div class=\"elementor-spacer\">\n\t\t\t<div class=\"elementor-spacer-inner\"><\/div>\n\t\t<\/div>\n\t\t\t\t\t\t<\/div>\n\t\t\t\t<\/div>\n\t\t\t\t\t<\/div>\n\t\t<\/div>\n\t\t\t\t\t<\/div>\n\t\t<\/section>\n\t\t\t\t<\/div>\n\t\t","protected":false},"excerpt":{"rendered":"<p>\u00dcr\u00fcnler Yeni Nesil Anti-jam Anten Sistemleri Geli\u015ftiriyoruz HEDGE-8008 CRPAY\u00fcksek hassasiyetli GNSS uygulamalar\u0131 i\u00e7in \u00fcst\u00fcn anti-parazit&hellip;<\/p>\n","protected":false},"author":1,"featured_media":0,"parent":0,"menu_order":0,"comment_status":"closed","ping_status":"closed","template":"","meta":{"footnotes":""},"class_list":["post-53226","page","type-page","status-publish","hentry"],"_links":{"self":[{"href":"https:\/\/edgemicrowave.com\/tr\/wp-json\/wp\/v2\/pages\/53226","targetHints":{"allow":["GET"]}}],"collection":[{"href":"https:\/\/edgemicrowave.com\/tr\/wp-json\/wp\/v2\/pages"}],"about":[{"href":"https:\/\/edgemicrowave.com\/tr\/wp-json\/wp\/v2\/types\/page"}],"author":[{"embeddable":true,"href":"https:\/\/edgemicrowave.com\/tr\/wp-json\/wp\/v2\/users\/1"}],"replies":[{"embeddable":true,"href":"https:\/\/edgemicrowave.com\/tr\/wp-json\/wp\/v2\/comments?post=53226"}],"version-history":[{"count":18,"href":"https:\/\/edgemicrowave.com\/tr\/wp-json\/wp\/v2\/pages\/53226\/revisions"}],"predecessor-version":[{"id":53696,"href":"https:\/\/edgemicrowave.com\/tr\/wp-json\/wp\/v2\/pages\/53226\/revisions\/53696"}],"wp:attachment":[{"href":"https:\/\/edgemicrowave.com\/tr\/wp-json\/wp\/v2\/media?parent=53226"}],"curies":[{"name":"wp","href":"https:\/\/api.w.org\/{rel}","templated":true}]}}