{"id":53232,"date":"2023-07-28T08:23:10","date_gmt":"2023-07-28T05:23:10","guid":{"rendered":"https:\/\/edgemicrowave.com\/gizlilik-politikasi\/"},"modified":"2025-12-03T12:07:54","modified_gmt":"2025-12-03T09:07:54","slug":"gizlilik-politikasi","status":"publish","type":"page","link":"https:\/\/edgemicrowave.com\/tr\/gizlilik-politikasi\/","title":{"rendered":"Gizlilik Politikas\u0131"},"content":{"rendered":"\t\t<div data-elementor-type=\"wp-page\" data-elementor-id=\"53232\" class=\"elementor elementor-53232 elementor-12954\">\n\t\t\t\t\t\t<section class=\"elementor-section elementor-top-section elementor-element elementor-element-501bbd21 elementor-section-boxed elementor-section-height-default elementor-section-height-default sc_fly_static\" data-id=\"501bbd21\" data-element_type=\"section\" data-e-type=\"section\" data-settings=\"{&quot;background_background&quot;:&quot;classic&quot;}\">\n\t\t\t\t\t\t<div class=\"elementor-container elementor-column-gap-extended\">\n\t\t\t\t\t<div class=\"elementor-column elementor-col-100 elementor-top-column elementor-element elementor-element-159e4ff3 sc_content_align_inherit sc_layouts_column_icons_position_left sc_fly_static\" data-id=\"159e4ff3\" data-element_type=\"column\" data-e-type=\"column\">\n\t\t\t<div class=\"elementor-widget-wrap elementor-element-populated\">\n\t\t\t\t\t\t<div class=\"elementor-element elementor-element-569d489f sc_fly_static elementor-widget elementor-widget-text-editor\" data-id=\"569d489f\" data-element_type=\"widget\" data-e-type=\"widget\" data-widget_type=\"text-editor.default\">\n\t\t\t\t<div class=\"elementor-widget-container\">\n\t\t\t\t\t\t\t\t\t<h1 data-start=\"314\" data-end=\"354\"><strong data-start=\"316\" data-end=\"354\">EDGE Elektronik A.\u015e. \u00c7erez Politikas\u0131<\/strong><\/h1><p data-start=\"356\" data-end=\"789\"><strong data-start=\"356\" data-end=\"380\">EDGE Elektronik A.\u015e. <\/strong>(\u201c\u015eirket\u201d olarak an\u0131lacakt\u0131r)<strong data-start=\"556\" data-end=\"614\">, 6698 say\u0131l\u0131 Ki\u015fisel Verilerin Korunmas\u0131 Kanunu (KVKK) <\/strong>ve ilgili mevzuat uyar\u0131nca, web sitesi ziyaret\u00e7ilerinin ki\u015fisel verilerinin i\u015flenmesi konusunda azami hassasiyet g\u00f6sterdi\u011fini vurgulamak ister.<br data-start=\"640\" data-end=\"643\">Ayr\u0131ca <strong data-start=\"667\" data-end=\"738\"><a class=\"decorated-link\" href=\"https:\/\/www.edgemicrowave.com\" target=\"_new\" rel=\"noopener\" data-start=\"682\" data-end=\"736\">www.edgemicrowave.com web sitemizin<\/a><\/strong>, gezinme deneyiminizi geli\u015ftirmek amac\u0131yla \u00e7erezler kulland\u0131\u011f\u0131n\u0131 bilgilerinize sunar\u0131z.<\/p><p data-start=\"791\" data-end=\"968\">Bu <strong data-start=\"796\" data-end=\"813\">\u00c7erez Politikas\u0131<\/strong>, web sitemizi ziyaret etti\u011finizde elde edilen \u00e7erez t\u00fcrleri ve bu \u00e7erezlerin hangi ama\u00e7larla kullan\u0131ld\u0131\u011f\u0131 konusunda ziyaret\u00e7ileri (\u201cveri sahiplerini\u201d) bilgilendirmeyi ama\u00e7lamaktad\u0131r.<\/p><hr data-start=\"970\" data-end=\"973\"><h3 data-start=\"975\" data-end=\"1003\"><strong data-start=\"979\" data-end=\"1003\">a. \u00c7erez Nedir? <\/strong><\/h3><p data-start=\"1004\" data-end=\"1213\">\u00c7erezler, bir web sitesini ziyaret etti\u011finizde bilgisayar\u0131n\u0131zda, taray\u0131c\u0131n\u0131zda veya mobil cihaz\u0131n\u0131zda (\u201ccihaz\u201d) depolanan ve cihaz\u0131n daha sonra tan\u0131mlanmas\u0131n\u0131 sa\u011flayan, \u00e7o\u011funlukla harf veya rakamlardan olu\u015fan k\u00fc\u00e7\u00fck metin dosyalar\u0131d\u0131r.<\/p><hr data-start=\"1215\" data-end=\"1218\"><h3 data-start=\"1220\" data-end=\"1279\"><strong data-start=\"1224\" data-end=\"1279\">b. \u00c7erezler Yoluyla Hangi Ki\u015fisel Veriler \u0130\u015flenmektedir? <\/strong><\/h3><p data-start=\"1280\" data-end=\"1400\">Web sitemizde \u00e7erezler arac\u0131l\u0131\u011f\u0131yla ziyaret\u00e7ilerin oturum bilgileri, \u00f6nceki i\u015flemleri ve \u00e7erez tercihleri i\u015flenmektedir.<\/p><hr data-start=\"1402\" data-end=\"1405\"><h3 data-start=\"1407\" data-end=\"1487\"><strong data-start=\"1411\" data-end=\"1487\">c. \u00c7erezler Nas\u0131l Toplan\u0131r ve Hangi Hukuki Sebeple \u0130\u015flenir? <\/strong><\/h3><p data-start=\"1488\" data-end=\"1770\">Ki\u015fisel verileriniz, web sitemizi ziyaret etti\u011finizde teknik olarak gerekli, kal\u0131c\u0131 ve analitik \u00e7erezler arac\u0131l\u0131\u011f\u0131yla otomatik olarak i\u015flenmektedir.<br data-start=\"1623\" data-end=\"1626\">Bu i\u015fleme, web sitesinin \u00e7al\u0131\u015fabilirli\u011fini ve kullan\u0131labilirli\u011fini sa\u011flamak amac\u0131yla \u201cbir hakk\u0131n kullan\u0131lmas\u0131 i\u00e7in veri i\u015flemenin gerekli olmas\u0131\u201d hukuki sebebine dayanmaktad\u0131r.<\/p><hr data-start=\"1772\" data-end=\"1775\"><h3 data-start=\"1777\" data-end=\"1819\"><strong data-start=\"1781\" data-end=\"1819\">d. Hangi \u00c7erez T\u00fcrleri Kullan\u0131lmaktad\u0131r? <\/strong><\/h3><p data-start=\"1820\" data-end=\"2000\">Web sitemizde hem <strong data-start=\"1842\" data-end=\"1865\">birinci taraf \u00e7erezler<\/strong> (kendi alan ad\u0131m\u0131z taraf\u0131ndan yerle\u015ftirilen) hem de <strong data-start=\"1894\" data-end=\"1917\">\u00fc\u00e7\u00fcnc\u00fc taraf \u00e7erezler<\/strong> (harici hizmet sa\u011flay\u0131c\u0131lar taraf\u0131ndan yerle\u015ftirilen) kullan\u0131lmaktad\u0131r.<br data-start=\"1954\" data-end=\"1957\">Kulland\u0131\u011f\u0131m\u0131z ba\u015fl\u0131ca \u00e7erez t\u00fcrleri a\u015fa\u011f\u0131da yer almaktad\u0131r:<\/p><h4 data-start=\"2002\" data-end=\"2040\"><strong data-start=\"2007\" data-end=\"2040\">Zorunlu (Gerekli) \u00c7erezler<\/strong><\/h4><p data-start=\"2041\" data-end=\"2336\">Bu \u00e7erezler, web sitesinin d\u00fczg\u00fcn \u015fekilde \u00e7al\u0131\u015fmas\u0131 ve sunulan \u00f6zellikler ile hizmetleri kullanabilmeniz i\u00e7in zorunludur. \u00d6rne\u011fin, kimlik do\u011frulama \u00e7erezleri sayfalar aras\u0131nda gezinirken oturumunuzun devam etmesini sa\u011flar. Bu \u00e7erezlerin devre d\u0131\u015f\u0131 b\u0131rak\u0131lmas\u0131 baz\u0131 hizmetlerin veya \u00f6zelliklerin kullan\u0131lamamas\u0131na neden olabilir.  <\/p><h4 data-start=\"2338\" data-end=\"2365\"><strong data-start=\"2343\" data-end=\"2365\">Kal\u0131c\u0131 \u00c7erezler<\/strong><\/h4><p data-start=\"2366\" data-end=\"2647\">Kal\u0131c\u0131 \u00e7erezler, web sitesinin i\u015flevselli\u011fini art\u0131rmak ve daha h\u0131zl\u0131, geli\u015ftirilmi\u015f hizmetler sunmak i\u00e7in kullan\u0131l\u0131r. Bu \u00e7erezler, kullan\u0131c\u0131 taraf\u0131ndan silinene veya belirlenen s\u00fcreleri dolana kadar ge\u00e7erlili\u011fini korur. Kullan\u0131c\u0131 tercihlerini hat\u0131rlamaya ve oturumlar\u0131n s\u00fcrd\u00fcr\u00fclmesine yard\u0131mc\u0131 olarak, siteyi tekrar ziyaret eden kullan\u0131c\u0131lar i\u00e7in kullan\u0131m kolayl\u0131\u011f\u0131 sa\u011flar.  <\/p><h4 data-start=\"2649\" data-end=\"2691\"><strong data-start=\"2654\" data-end=\"2691\">Fonksiyonel ve Analitik \u00c7erezler<\/strong><\/h4><p data-start=\"2692\" data-end=\"2876\">Bu \u00e7erezler, ziyaret\u00e7ilerin web sitemizi nas\u0131l kulland\u0131\u011f\u0131n\u0131 \u2014 ziyaret kayna\u011f\u0131, g\u00f6r\u00fcnt\u00fclenen sayfalar ve ziyaret s\u00fcresi gibi \u2014 anlamam\u0131za yard\u0131mc\u0131 olur ve web sitemizi ile kullan\u0131c\u0131 deneyimini iyile\u015ftirmemizi sa\u011flar.<\/p><hr data-start=\"2878\" data-end=\"2881\"><h3 data-start=\"2883\" data-end=\"2915\"><strong data-start=\"2887\" data-end=\"2915\">Kullan\u0131lan \u00c7erezlere \u00d6rnekler<\/strong><\/h3><div class=\"_tableContainer_1rjym_1\"><div class=\"group _tableWrapper_1rjym_13 flex w-fit flex-col-reverse\" tabindex=\"-1\"><table class=\"w-fit min-w-(--thread-content-width)\" data-start=\"2916\" data-end=\"3833\"><thead data-start=\"2916\" data-end=\"2959\"><tr data-start=\"2916\" data-end=\"2959\"><th data-start=\"2916\" data-end=\"2930\" data-col-size=\"md\">\u00c7erez Ad\u0131<\/th> \u2014 <th data-start=\"2930\" data-end=\"2941\" data-col-size=\"sm\">Sa\u011flay\u0131c\u0131 <\/th>\u2014 <th data-start=\"2941\" data-end=\"2948\" data-col-size=\"sm\">T\u00fcr<\/th> \u2014 <th data-start=\"2948\" data-end=\"2959\" data-col-size=\"md\">Ama\u00e7<\/th><\/tr><\/thead><tbody data-start=\"3007\" data-end=\"3833\"><tr data-start=\"3007\" data-end=\"3163\"><td data-start=\"3007\" data-end=\"3076\" data-col-size=\"md\">66ba9d6e2823761cc21b44017b557d72, e89d251dc703e69690ac18b2be02a325<\/td><td data-start=\"3076\" data-end=\"3092\" data-col-size=\"sm\">cottgroup.com<\/td><td data-start=\"3092\" data-end=\"3104\" data-col-size=\"sm\">Oturum s\u00fcresince<\/td> <td data-start=\"3104\" data-end=\"3163\" data-col-size=\"md\">web sitesinin d\u00fczg\u00fcn \u00e7al\u0131\u015fmas\u0131n\u0131 sa\u011flar<\/td><\/tr><tr data-start=\"3164\" data-end=\"3257\"><td data-start=\"3164\" data-end=\"3187\" data-col-size=\"md\">cookieconsent_status<\/td><td data-start=\"3187\" data-end=\"3200\" data-col-size=\"sm\">google.com<\/td><td data-start=\"3200\" data-end=\"3213\" data-col-size=\"sm\">Functional<\/td><td data-start=\"3213\" data-end=\"3257\" data-col-size=\"md\">Tracks users\u2019 cookie consent preferences<\/td><\/tr><tr data-start=\"3258\" data-end=\"3338\"><td data-start=\"3258\" data-end=\"3272\" data-col-size=\"md\">_GRECAPTCHA<\/td><td data-start=\"3272\" data-end=\"3286\" data-col-size=\"sm\">addthis.com<\/td><td data-start=\"3286\" data-end=\"3297\" data-col-size=\"sm\">Security<\/td><td data-start=\"3297\" data-end=\"3338\" data-col-size=\"md\">Protects the site from spam and abuse<\/td><\/tr><tr data-start=\"3339\" data-end=\"3464\"><td data-start=\"3339\" data-end=\"3359\" data-col-size=\"md\">s_cc, s_fid, s_sq<\/td><td data-start=\"3359\" data-end=\"3363\" data-col-size=\"sm\">\u2013<\/td><td data-start=\"3363\" data-end=\"3376\" data-col-size=\"sm\">Analytical<\/td><td data-start=\"3376\" data-end=\"3464\" data-col-size=\"md\">Differentiates requests from browsers and stores information for website improvement<\/td><\/tr><tr data-start=\"3465\" data-end=\"3546\"><td data-start=\"3465\" data-end=\"3476\" data-col-size=\"md\">loc, mus<\/td><td data-start=\"3476\" data-end=\"3480\" data-col-size=\"sm\">\u2013<\/td><td data-start=\"3480\" data-end=\"3492\" data-col-size=\"sm\">Marketing<\/td><td data-start=\"3492\" data-end=\"3546\" data-col-size=\"md\">Provides behavioral targeting data for advertisers<\/td><\/tr><tr data-start=\"3547\" data-end=\"3635\"><td data-start=\"3547\" data-end=\"3559\" data-col-size=\"md\">_ga, _gid<\/td><td data-start=\"3559\" data-end=\"3572\" data-col-size=\"sm\">google.com<\/td><td data-start=\"3572\" data-end=\"3585\" data-col-size=\"sm\">Analytical<\/td><td data-start=\"3585\" data-end=\"3635\" data-col-size=\"md\">Measures site interaction and visitor behavior<\/td><\/tr><tr data-start=\"3636\" data-end=\"3742\"><td data-start=\"3636\" data-end=\"3663\" data-col-size=\"md\">__Secure-3PAPISID, SIDCC<\/td><td data-start=\"3663\" data-end=\"3676\" data-col-size=\"sm\">google.com<\/td><td data-start=\"3676\" data-end=\"3688\" data-col-size=\"sm\">Marketing<\/td><td data-start=\"3688\" data-end=\"3742\" data-col-size=\"md\">Enables personalized Google Ads based on interests<\/td><\/tr><tr data-start=\"3743\" data-end=\"3833\"><td data-start=\"3743\" data-end=\"3763\" data-col-size=\"md\">ASP.NET_SessionId<\/td><td data-start=\"3763\" data-end=\"3781\" data-col-size=\"sm\">informasoft.com<\/td><td data-start=\"3781\" data-end=\"3794\" data-col-size=\"sm\">Functional<\/td><td data-start=\"3794\" data-end=\"3833\" data-col-size=\"md\">Tracks user sessions on the website<\/td><\/tr><\/tbody><\/table><\/div><\/div><hr data-start=\"3835\" data-end=\"3838\"><h3 data-start=\"3840\" data-end=\"3910\"><strong data-start=\"3844\" data-end=\"3910\">e. \u00c7erez Kullan\u0131m\u0131n\u0131 Nas\u0131l Kontrol Edebilirsiniz (\u00dc\u00e7\u00fcnc\u00fc Taraf \u00c7erezler Dahil)? <\/strong><\/h3><p data-start=\"3911\" data-end=\"4127\">\u00c7erez tercihlerinizi taray\u0131c\u0131 ayarlar\u0131n\u0131z \u00fczerinden y\u00f6netebilirsiniz.<br data-start=\"3980\" data-end=\"3983\">L\u00fctfen \u00e7erezleri devre d\u0131\u015f\u0131 b\u0131rakman\u0131n, web sitemizdeki baz\u0131 \u00f6zellikleri kullanma yetene\u011finizi etkileyebilece\u011fini veya kullan\u0131c\u0131 deneyiminizin kalitesini azaltabilece\u011fini unutmay\u0131n.<\/p><p data-start=\"4129\" data-end=\"4188\"><strong data-start=\"4129\" data-end=\"4188\">Daha fazla bilgi i\u00e7in a\u015fa\u011f\u0131daki ba\u011flant\u0131y\u0131 ziyaret edebilirsiniz:<\/strong><\/p><ul data-start=\"4189\" data-end=\"4766\"><li data-start=\"4189\" data-end=\"4256\"><p data-start=\"4191\" data-end=\"4256\"><a class=\"decorated-link\" href=\"http:\/\/www.adobe.com\/tr\/privacy\/opt-out.html\" target=\"_new\" rel=\"noopener\" data-start=\"4191\" data-end=\"4254\">Adobe Analytics<\/a><\/p><\/li><li data-start=\"4257\" data-end=\"4334\"><p data-start=\"4259\" data-end=\"4334\"><a class=\"decorated-link\" href=\"https:\/\/tools.google.com\/dlpage\/gaoptout\" target=\"_new\" rel=\"noopener\" data-start=\"4259\" data-end=\"4332\">Google Analytics Opt-Out Tool<\/a><\/p><\/li><li data-start=\"4335\" data-end=\"4430\"><p data-start=\"4337\" data-end=\"4430\"><a class=\"decorated-link cursor-pointer\" target=\"_new\" rel=\"noopener\" data-start=\"4337\" data-end=\"4428\">Google Chrome Help<\/a><\/p><\/li><li data-start=\"4431\" data-end=\"4497\"><p data-start=\"4433\" data-end=\"4497\"><a class=\"decorated-link\" href=\"http:\/\/support.mozilla.com\/en-US\/kb\/Cookies\" target=\"_new\" rel=\"noopener\" data-start=\"4433\" data-end=\"4495\">Mozilla Firefox<\/a><\/p><\/li><li data-start=\"4498\" data-end=\"4634\"><p data-start=\"4500\" data-end=\"4634\"><a class=\"decorated-link\" href=\"https:\/\/support.microsoft.com\/en-us\/help\/17442\/windows-internet-explorer-delete-manage-cookies\" target=\"_new\" rel=\"noopener\" data-start=\"4500\" data-end=\"4632\">Microsoft Edge \/ Internet Explorer<\/a><\/p><\/li><li data-start=\"4635\" data-end=\"4698\"><p data-start=\"4637\" data-end=\"4698\"><a class=\"decorated-link cursor-pointer\" target=\"_new\" rel=\"noopener\" data-start=\"4637\" data-end=\"4696\">Safari<\/a><\/p><\/li><li data-start=\"4699\" data-end=\"4766\"><p data-start=\"4701\" data-end=\"4766\"><a class=\"decorated-link\" href=\"http:\/\/www.opera.com\/browser\/tutorials\/security\/privacy\/\" target=\"_new\" rel=\"noopener\" data-start=\"4701\" data-end=\"4766\">Opera<\/a><\/p><\/li><\/ul><hr data-start=\"4768\" data-end=\"4771\"><h3 data-start=\"4773\" data-end=\"4813\"><strong data-start=\"4777\" data-end=\"4813\">f. Veri Sahibi Olarak Haklar\u0131n\u0131zf. Your Rights as a Data Subject <\/strong><\/h3><p data-start=\"4814\" data-end=\"4876\"><strong data-start=\"4826\" data-end=\"4852\">KVKK Madde 11<\/strong> kapsam\u0131nda a\u015fa\u011f\u0131daki haklara sahipsiniz:<\/p><ul data-start=\"4877\" data-end=\"5190\"><li data-start=\"4877\" data-end=\"4933\"><p data-start=\"4879\" data-end=\"4933\">Ki\u015fisel verilerinizin i\u015flenip i\u015flenmedi\u011fini \u00f6\u011frenmek,<\/p><\/li><li data-start=\"4934\" data-end=\"4979\"><p data-start=\"4936\" data-end=\"4979\">\u0130\u015flemeye ili\u015fkin bilgi talep etmek<\/p><\/li><li data-start=\"4980\" data-end=\"5073\"><p data-start=\"4982\" data-end=\"5073\">\u0130\u015flemenin amac\u0131n\u0131 ve verilerin bu amaca uygun kullan\u0131l\u0131p kullan\u0131lmad\u0131\u011f\u0131n\u0131 \u00f6\u011frenmek<\/p><\/li><li data-start=\"5074\" data-end=\"5135\"><p data-start=\"5076\" data-end=\"5135\">Ki\u015fisel verilerinizin d\u00fczeltilmesini veya silinmesini talep etmek, ve<\/p><\/li><li data-start=\"5136\" data-end=\"5190\"><p data-start=\"5138\" data-end=\"5190\">Belirli ko\u015fullar alt\u0131nda i\u015flemeye itiraz etmek.<\/p><\/li><\/ul><p data-start=\"5192\" data-end=\"5353\">Taleplerinizi, <strong data-start=\"5227\" data-end=\"5241\">KVKK\u2019n\u0131n 13. maddesi<\/strong> ve <strong data-start=\"5262\" data-end=\"5325\">Veri Sorumlusuna Ba\u015fvuru Usul ve Esaslar\u0131 Hakk\u0131nda Tebli\u011f<\/strong> kapsam\u0131nda, a\u015fa\u011f\u0131daki kanallar arac\u0131l\u0131\u011f\u0131yla Veri Sorumlusuna iletebilirsiniz.<\/p><ul data-start=\"5355\" data-end=\"5636\"><li data-start=\"5355\" data-end=\"5447\"><p data-start=\"5357\" data-end=\"5447\">\u015eahsen ba\u015fvuru i\u00e7in: <strong data-start=\"5371\" data-end=\"5445\">Yeni\u015fehir Mah. Osmanl\u0131 Blv. Aeropark No:11A Pendik \/ \u0130stanbul, T\u00fcrkiye<\/strong><\/p><\/li><li data-start=\"5448\" data-end=\"5502\"><p data-start=\"5450\" data-end=\"5502\">Noter tasdikli bir belge veya taahh\u00fctl\u00fc posta g\u00f6ndererek<\/p><\/li><li data-start=\"5503\" data-end=\"5636\"><p data-start=\"5505\" data-end=\"5636\">G\u00fcvenli elektronik imza, mobil imza veya kay\u0131tl\u0131 elektronik posta adresinizi kullanarak e-posta yoluyla:<br data-start=\"5604\" data-end=\"5607\">\ud83d\udce7 <strong data-start=\"5610\" data-end=\"5636\"><a class=\"decorated-link cursor-pointer\" rel=\"noopener\" data-start=\"5612\" data-end=\"5634\">info@edgemicrowave.com<\/a><\/strong><\/p><\/li><\/ul><hr data-start=\"5638\" data-end=\"5641\"><h3 data-start=\"5643\" data-end=\"5680\"><strong data-start=\"5647\" data-end=\"5664\">Son G\u00fcncelleme<\/strong>: Kas\u0131m 2025<\/h3>\t\t\t\t\t\t\t\t<\/div>\n\t\t\t\t<\/div>\n\t\t\t\t\t<\/div>\n\t\t<\/div>\n\t\t\t\t\t<\/div>\n\t\t<\/section>\n\t\t\t\t<\/div>\n\t\t","protected":false},"excerpt":{"rendered":"<p>EDGE Elektronik A.\u015e. \u00c7erez Politikas\u0131 EDGE Elektronik A.\u015e. (\u201c\u015eirket\u201d olarak an\u0131lacakt\u0131r), 6698 say\u0131l\u0131 Ki\u015fisel Verilerin&hellip;<\/p>\n","protected":false},"author":1,"featured_media":0,"parent":0,"menu_order":0,"comment_status":"closed","ping_status":"closed","template":"","meta":{"footnotes":""},"class_list":["post-53232","page","type-page","status-publish","hentry"],"_links":{"self":[{"href":"https:\/\/edgemicrowave.com\/tr\/wp-json\/wp\/v2\/pages\/53232","targetHints":{"allow":["GET"]}}],"collection":[{"href":"https:\/\/edgemicrowave.com\/tr\/wp-json\/wp\/v2\/pages"}],"about":[{"href":"https:\/\/edgemicrowave.com\/tr\/wp-json\/wp\/v2\/types\/page"}],"author":[{"embeddable":true,"href":"https:\/\/edgemicrowave.com\/tr\/wp-json\/wp\/v2\/users\/1"}],"replies":[{"embeddable":true,"href":"https:\/\/edgemicrowave.com\/tr\/wp-json\/wp\/v2\/comments?post=53232"}],"version-history":[{"count":1,"href":"https:\/\/edgemicrowave.com\/tr\/wp-json\/wp\/v2\/pages\/53232\/revisions"}],"predecessor-version":[{"id":53233,"href":"https:\/\/edgemicrowave.com\/tr\/wp-json\/wp\/v2\/pages\/53232\/revisions\/53233"}],"wp:attachment":[{"href":"https:\/\/edgemicrowave.com\/tr\/wp-json\/wp\/v2\/media?parent=53232"}],"curies":[{"name":"wp","href":"https:\/\/api.w.org\/{rel}","templated":true}]}}